{"id":90,"date":"2015-02-20T20:14:14","date_gmt":"2015-02-20T20:14:14","guid":{"rendered":"http:\/\/pssf.ch\/wordpress\/?page_id=90"},"modified":"2025-08-31T16:11:18","modified_gmt":"2025-08-31T16:11:18","slug":"ranglisten-3","status":"publish","type":"page","link":"https:\/\/pssf.ch\/wordpress\/?page_id=90","title":{"rendered":"Ranglisten"},"content":{"rendered":"\t\t<div data-elementor-type=\"wp-page\" data-elementor-id=\"90\" class=\"elementor elementor-90\" data-elementor-post-type=\"page\">\n\t\t\t\t<div class=\"has_eae_slider elementor-element elementor-element-6a1541e5 e-flex e-con-boxed e-con e-parent\" data-eae-slider=\"38047\" data-id=\"6a1541e5\" data-element_type=\"container\" data-e-type=\"container\" data-settings=\"{&quot;background_background&quot;:&quot;gradient&quot;}\">\n\t\t\t\t\t<div class=\"e-con-inner\">\n\t\t\t\t<div class=\"elementor-element elementor-element-2fc5b5ac elementor-widget elementor-widget-text-editor\" data-id=\"2fc5b5ac\" data-element_type=\"widget\" data-e-type=\"widget\" data-widget_type=\"text-editor.default\">\n\t\t\t\t<div class=\"elementor-widget-container\">\n\t\t\t\t\t\t\t\t\t<h5 align=\"left\">2025<\/h5><h6><a href=\"https:\/\/pssf.ch\/wordpress\/wp-content\/uploads\/2025\/08\/Feldschiessen25.pdf\">Feldschiessen 2025<\/a><br \/><a href=\"https:\/\/pssf.ch\/wordpress\/wp-content\/uploads\/2025\/08\/Obligatorisch25.pdf\">Obligatorische 2025<\/a><\/h6><h5 align=\"left\">2024<\/h5><h6><a href=\"https:\/\/pssf.ch\/wordpress\/wp-content\/uploads\/2024\/12\/Feldschiessen2024.pdf\">Feldschiessen 2024<\/a><\/h6><h5>2023<\/h5><h6><a href=\"https:\/\/pssf.ch\/wordpress\/wp-content\/uploads\/2024\/12\/Rangliste_Feldschiessen2023.pdf\">Feldschiessen 2023<\/a><\/h6><h5 align=\"left\">2022<\/h5><h6><a href=\"https:\/\/pssf.ch\/wordpress\/wp-content\/uploads\/2022\/06\/Feldschiessen2022.pdf\">Feldschiessen 2022<\/a><\/h6><h5 align=\"left\">2021<\/h5><h6><a href=\"https:\/\/pssf.ch\/wordpress\/wp-content\/uploads\/2021\/06\/FS2021.pdf\" target=\"_blank\" rel=\"noopener\">Feldschiessen Stand 30.05.2021<\/a><\/h6><h5 align=\"left\">2020<\/h5><h5 align=\"left\">2019<\/h5><h6 align=\"left\"><a href=\"http:\/\/pssf.ch\/wordpress\/wp-content\/uploads\/2019\/07\/Feldschiessen2550mEinzelrangliste2019.pdf\">Feldschiessen<\/a><br \/><a href=\"http:\/\/doccdn.simplesite.com\/d\/b6\/da\/286541534102870710\/a3ba5d82-9fe9-4fd5-a07b-78395c820356\/PS%2BTrub%2B50%2BNapfschiessen%2BEinzelrangliste%2B50%2BMeter%2B2019.pdf\">Napfpistolenschiessen Trub 19<\/a><br \/><a href=\"http:\/\/pssf.ch\/wordpress\/wp-content\/uploads\/2019\/10\/RengCup19.jpg\">Cup Schiessen<\/a><\/h6><h5 align=\"left\">2018<\/h5><h6 align=\"left\"><a href=\"http:\/\/pssf.ch\/wordpress\/wp-content\/uploads\/2018\/06\/Feldschiessen2550mEinzelrangliste2018.pdf\" target=\"_blank\" rel=\"noopener noreferrer\">Feldschiessen<\/a><\/h6><h5 align=\"left\">2017<\/h5><h6 align=\"left\"><a href=\"http:\/\/pssf.ch\/wordpress\/wp-content\/uploads\/2018\/02\/Jahresmeisterschaft2017.pdf\" target=\"_blank\" rel=\"noopener noreferrer\">Jahresmeisterschaft<\/a><\/h6><h6 align=\"left\"><a href=\"http:\/\/pssf.ch\/wordpress\/wp-content\/uploads\/2017\/06\/Feldschiessen2550mEinzelrangliste2017.pdf\" target=\"_blank\" rel=\"noopener noreferrer\">Feldschiessen<\/a><\/h6><h6 align=\"left\"><a href=\"http:\/\/www.shoot.ch\/resultat\/resksf.aspx?resid=ZGKSF2017\" target=\"_blank\" rel=\"noopener noreferrer\">Zuger Kantonalsch\u00fctzenfest 2017<\/a><\/h6><h5 align=\"left\">2016<\/h5><h6><a href=\"http:\/\/pssf.ch\/wordpress\/wp-content\/uploads\/2016\/05\/FS_Enzel_Rangliste16.pdf\" target=\"_blank\" rel=\"noopener noreferrer\">Feldschiessen<\/a><\/h6><h6><a href=\"http:\/\/pssf.ch\/wordpress\/wp-content\/uploads\/2017\/01\/Obli_Einzel_Rangliste2016.pdf\">Obligatorisch<\/a><\/h6><h6><a href=\"http:\/\/www.shoot.ch\/resultat\/resksf.aspx?resid=SELTS2016\">Seel\u00e4ndisches Landesteilschiessen 2016<\/a><\/h6><h6><a href=\"http:\/\/www.pistolen.ruetlischiessen.ch\/main\/\" target=\"_blank\" rel=\"noopener noreferrer\">R\u00fctlischiessen<\/a><\/h6><h5 align=\"left\">2015<\/h5><h6><a href=\"http:\/\/pssf.ch\/wordpress\/wp-content\/uploads\/2016\/02\/Jahresmeisterschaft15.pdf\" target=\"_blank\" rel=\"noopener noreferrer\">Jahresmeisterschaft<\/a><\/h6><h6 align=\"left\"><a href=\"http:\/\/pssf.ch\/wordpress\/wp-content\/uploads\/2015\/10\/Pistolencup2015.pdf\" target=\"_blank\" rel=\"noopener noreferrer\">Cup Schiessen 2015<\/a><a href=\"http:\/\/www.shoot.ch\/resultat\/resksf.aspx?resid=ESF2015\" target=\"_blank\" rel=\"noopener noreferrer\"><br \/>Eidgen\u00f6ssisches Sch\u00fctzenfest 2015<\/a><a href=\"http:\/\/www.pssf.ch\/Ranglisten\/2015\/EWS_25_m_2015.pdf\" target=\"_blank\" rel=\"noopener noreferrer\"><br \/><\/a><a href=\"http:\/\/pssf.ch\/wordpress\/wp-content\/uploads\/2015\/09\/Sempach-Auszahlung-25m-2015.pdf\" target=\"_blank\" rel=\"noopener noreferrer\">Jubil\u00e4umsschiessen Sempach Auszahlungsstich<br \/><\/a><a href=\"http:\/\/pssf.ch\/wordpress\/wp-content\/uploads\/2015\/10\/Feldschiessen25m07062015.pdf\" target=\"_blank\" rel=\"noopener noreferrer\">Feldschiessen<\/a><a href=\"http:\/\/www.pssf.ch\/Ranglisten\/2015\/EWS_25_m_2015.pdf\" target=\"_blank\" rel=\"noopener noreferrer\"><br \/><\/a><a href=\"http:\/\/pssf.ch\/wordpress\/wp-content\/uploads\/2015\/09\/Sempach_Pistolen_Vereinskonkurrenz.pdf\" target=\"_blank\" rel=\"noopener noreferrer\">Jubil\u00e4um 150 J. SG Sempach, Vereinswettkampf<\/a><a href=\"http:\/\/www.pssf.ch\/Ranglisten\/2015\/EWS_25_m_2015.pdf\" target=\"_blank\" rel=\"noopener noreferrer\"><br \/>Rangliste Einzelwettschiessen 25m<\/a><br \/><a href=\"http:\/\/www.pssf.ch\/Ranglisten\/2015\/Ews_50_m_2015.pdf\" target=\"_blank\" rel=\"noopener noreferrer\">Rangliste Einzelwettschiessen 50m<\/a><\/h6><h5 align=\"left\">2014<\/h5><h6 align=\"left\"><a href=\"http:\/\/www.pssf.ch\/Fotos\/2014\/CupSchiessen\/20141011_165752.pdf\" target=\"_blank\" rel=\"noopener noreferrer\">Cup Schiessen 2014<\/a><\/h6><h6 align=\"left\"><a href=\"http:\/\/www.shoot.ch\/resultat\/resksf.aspx?resid=FRKSF2014&amp;chlanguage=de\" target=\"_blank\" rel=\"noopener noreferrer\">29. Freiburger Kantonalsch\u00fctzenfest 2014<\/a><\/h6><h6 align=\"left\"><a href=\"http:\/\/www.pssf.ch\/Ranglisten\/2014\/Feldschiessen25mEinzelrangliste2014.pdf\" target=\"_blank\" rel=\"noopener noreferrer\">Feldschiessen 25m Einzelrangliste<\/a><\/h6><h6 align=\"left\"><a href=\"http:\/\/www.pssf.ch\/Ranglisten\/2014\/EWS25m2014.pdf\" target=\"_blank\" rel=\"noopener noreferrer\">Rangliste Einzelwettschiessen 25m<\/a><br \/><a href=\"http:\/\/www.pssf.ch\/Ranglisten\/2014\/Ews50m2014.pdf\" target=\"_blank\" rel=\"noopener noreferrer\">Rangliste Einzelwettschiessen 50m<\/a><\/h6><h5 align=\"left\">2013<\/h5><h6 align=\"left\"><a href=\"http:\/\/www.pssf.ch\/Ranglisten\/2013\/Feldschiessen2013.pdf\" target=\"_blank\" rel=\"noopener noreferrer\">Feldschiessen 25m Einzelrangliste<\/a><br \/><a href=\"http:\/\/www.pssf.ch\/Ranglisten\/2013\/FeldschiessenSektionsranglist.pdf\" target=\"_blank\" rel=\"noopener noreferrer\">Feldschiessen 25m Sektionsrangliste<\/a><\/h6><h6 align=\"left\"><a href=\"http:\/\/www.pssf.ch\/Ranglisten\/2013\/RanglistEWS25.pdf\" target=\"_blank\" rel=\"noopener noreferrer\">Rangliste Einzelwettschiessen 25m<\/a><br \/><a href=\"http:\/\/www.pssf.ch\/Ranglisten\/2013\/RanglistEWS50.pdf\" target=\"_blank\" rel=\"noopener noreferrer\">Rangliste Einzelwettschiessen 50m<\/a><\/h6><h5 align=\"left\">2012<\/h5><h6 align=\"left\"><a href=\"http:\/\/www.pssf.ch\/Ranglisten\/2012\/PSSFCup2012RL2.jpg\" target=\"_blank\" rel=\"noopener noreferrer\">Cup Schiessen 2012<\/a><a href=\"http:\/\/www.pssf.ch\/Fotos\/2012\/Cup2012\/PSSFCup2012.jpg\" target=\"_blank\" rel=\"noopener noreferrer\">\u00a0(Bild)<\/a><\/h6><h6 align=\"left\"><a href=\"http:\/\/www.pssf.ch\/Ranglisten\/2012\/Feldschiessen%2025m%20Einzelrangliste.pdf\" target=\"_blank\" rel=\"noopener noreferrer\">Feldschiessen 2012<\/a><\/h6><h6 align=\"left\"><a href=\"http:\/\/www.pssf.ch\/Ranglisten\/2012\/KantonalfinalSPGM50m.pdf\">Kantonalfinal SPGM 50m, H\u00fcslenmoos Emmen<\/a><\/h6><h6 align=\"left\"><a href=\"http:\/\/www.pssf.ch\/Ranglisten\/2012\/RanglisteEWS-25M2012.pdf\" target=\"_blank\" rel=\"noopener noreferrer\">Rangliste Einzelwettschiessen 25m<\/a><br \/><a href=\"http:\/\/www.pssf.ch\/Ranglisten\/2012\/RanglisteEWS-25M2012A.pdf\" target=\"_blank\" rel=\"noopener noreferrer\">Rangliste Einzelwettschiessen 25m alle<\/a><br \/><a href=\"http:\/\/www.pssf.ch\/Ranglisten\/2012\/RanglisteEWS50M2012.pdf\" target=\"_blank\" rel=\"noopener noreferrer\">Rangliste Einzelwettschiessen 50m<\/a><br \/><a href=\"http:\/\/www.pssf.ch\/Ranglisten\/2012\/RanglisteEWS50M2012A.pdf\" target=\"_blank\" rel=\"noopener noreferrer\">Rangliste Einzelwettschiessen 50m alle<\/a><\/h6><h5 align=\"left\">2011<\/h5><h6 align=\"left\"><a href=\"http:\/\/www.pssf.ch\/Ranglisten\/2011\/Jahresmeisterschaft2011.pdf\" target=\"_blank\" rel=\"noopener noreferrer\">Jahresmeisterschaft 2011<\/a><\/h6><h6><a href=\"http:\/\/www.pssf.ch\/Ranglisten\/2011\/Obligatorisch_25m_2011.pdf\" target=\"_blank\" rel=\"noopener noreferrer\">Obligatorischen 25m<\/a><\/h6><h6 align=\"left\"><a href=\"http:\/\/www.pssf.ch\/Ranglisten\/Feldschie2011.pdf\" target=\"_blank\" rel=\"noopener noreferrer\">Feldschiessen 2011<\/a><\/h6><h6 align=\"left\"><a href=\"http:\/\/www.pssf.ch\/Ranglisten\/2011\/EAM2011.pdf\" target=\"_blank\" rel=\"noopener noreferrer\">Entlebucher Amts Meisterschaft<\/a><\/h6><h6 align=\"left\">Einzelwettschiessen\u00a0<a href=\"http:\/\/www.pssf.ch\/Ranglisten\/2011\/EWS2011-25%20m.pdf\" target=\"_blank\" rel=\"noopener noreferrer\">25m<\/a>\u00a0und\u00a0<a href=\"http:\/\/www.pssf.ch\/Ranglisten\/2011\/EWS2011-50%20m.pdf\" target=\"_blank\" rel=\"noopener noreferrer\">50m<\/a><\/h6><h6 align=\"left\"><a href=\"http:\/\/www.pssf.ch\/Ranglisten\/2011\/Kantonal_Final__SPGM__50m_2011.pdf\" target=\"_blank\" rel=\"noopener noreferrer\">Kantonal Final \u00a0SPGM \u00a050m, Kriens 2011, Gruppen Rangliste\u00a0 Pistolensch\u00fctzen Sch\u00fcpfheim &#8211; Fl\u00fchli<\/a><\/h6><h6 align=\"left\"><a href=\"http:\/\/www.pssf.ch\/Ranglisten\/2011\/1stPistolencup2011.pdf\" target=\"_blank\" rel=\"noopener noreferrer\">Cup Schiessen 2011<\/a><\/h6>\t\t\t\t\t\t\t\t<\/div>\n\t\t\t\t<\/div>\n\t\t\t\t\t<\/div>\n\t\t\t\t<\/div>\n\t\t<div class=\"has_eae_slider elementor-element elementor-element-01fd9cb e-flex e-con-boxed e-con e-parent\" data-eae-slider=\"78799\" data-id=\"01fd9cb\" data-element_type=\"container\" data-e-type=\"container\">\n\t\t\t\t\t<div class=\"e-con-inner\">\n\t\t\t\t\t<\/div>\n\t\t\t\t<\/div>\n\t\t\t\t<\/div>\n\t\t","protected":false},"excerpt":{"rendered":"<p>2025 Feldschiessen 2025Obligatorische 2025 2024 Feldschiessen 2024 2023 Feldschiessen 2023 2022 Feldschiessen 2022 2021 Feldschiessen Stand 30.05.2021 2020 2019 FeldschiessenNapfpistolenschiessen Trub 19Cup Schiessen 2018 Feldschiessen 2017 Jahresmeisterschaft Feldschiessen Zuger Kantonalsch\u00fctzenfest 2017 2016 Feldschiessen Obligatorisch Seel\u00e4ndisches Landesteilschiessen 2016 R\u00fctlischiessen 2015 Jahresmeisterschaft Cup Schiessen 2015Eidgen\u00f6ssisches Sch\u00fctzenfest 2015Jubil\u00e4umsschiessen Sempach AuszahlungsstichFeldschiessenJubil\u00e4um 150 J. SG Sempach, VereinswettkampfRangliste Einzelwettschiessen 25mRangliste Einzelwettschiessen [&hellip;]<\/p>\n","protected":false},"author":1,"featured_media":0,"parent":0,"menu_order":0,"comment_status":"closed","ping_status":"closed","template":"","meta":{"footnotes":""},"class_list":["post-90","page","type-page","status-publish","hentry"],"_links":{"self":[{"href":"https:\/\/pssf.ch\/wordpress\/index.php?rest_route=\/wp\/v2\/pages\/90","targetHints":{"allow":["GET"]}}],"collection":[{"href":"https:\/\/pssf.ch\/wordpress\/index.php?rest_route=\/wp\/v2\/pages"}],"about":[{"href":"https:\/\/pssf.ch\/wordpress\/index.php?rest_route=\/wp\/v2\/types\/page"}],"author":[{"embeddable":true,"href":"https:\/\/pssf.ch\/wordpress\/index.php?rest_route=\/wp\/v2\/users\/1"}],"replies":[{"embeddable":true,"href":"https:\/\/pssf.ch\/wordpress\/index.php?rest_route=%2Fwp%2Fv2%2Fcomments&post=90"}],"version-history":[{"count":70,"href":"https:\/\/pssf.ch\/wordpress\/index.php?rest_route=\/wp\/v2\/pages\/90\/revisions"}],"predecessor-version":[{"id":1514,"href":"https:\/\/pssf.ch\/wordpress\/index.php?rest_route=\/wp\/v2\/pages\/90\/revisions\/1514"}],"wp:attachment":[{"href":"https:\/\/pssf.ch\/wordpress\/index.php?rest_route=%2Fwp%2Fv2%2Fmedia&parent=90"}],"curies":[{"name":"wp","href":"https:\/\/api.w.org\/{rel}","templated":true}]}}