{"id":652,"date":"2024-03-29T11:55:15","date_gmt":"2024-03-29T11:55:15","guid":{"rendered":"https:\/\/pssf.ch\/wordpress\/?page_id=652"},"modified":"2024-12-01T19:37:56","modified_gmt":"2024-12-01T19:37:56","slug":"nachrichten-vom-praesident","status":"publish","type":"page","link":"https:\/\/pssf.ch\/wordpress\/?page_id=652","title":{"rendered":"Nachrichten vom Pr\u00e4sident"},"content":{"rendered":"\t\t<div data-elementor-type=\"wp-page\" data-elementor-id=\"652\" class=\"elementor elementor-652\" data-elementor-post-type=\"page\">\n\t\t\t\t<div class=\"has_eae_slider elementor-element elementor-element-1e61d6a4 e-flex e-con-boxed e-con e-parent\" data-eae-slider=\"32085\" data-id=\"1e61d6a4\" data-element_type=\"container\" data-e-type=\"container\">\n\t\t\t\t\t<div class=\"e-con-inner\">\n\t\t\t\t<div class=\"elementor-element elementor-element-2457ec72 elementor-widget elementor-widget-text-editor\" data-id=\"2457ec72\" data-element_type=\"widget\" data-e-type=\"widget\" data-widget_type=\"text-editor.default\">\n\t\t\t\t<div class=\"elementor-widget-container\">\n\t\t\t\t\t\t\t\t\t<h6><strong>Vereinsinformationen April \u00a0\u00a0\u00a0\u00a0\u00a0\u00a0\u00a0\u00a0\u00a0\u00a0<\/strong><\/h6><p>Werte Sch\u00fctzenmitglieder\/in<br \/>Werte Vereinsmitglieder<\/p><p>Programm April<br \/>Mittwoch\u00a0\u00a0\u00a0\u00a0\u00a0\u00a0 03.April\u00a0\u00a0\u00a0\u00a0\u00a0\u00a0\u00a0 \u00dcbungsschiessen 18.00-20.00 Uhr alle Stiche<br \/>Freitag\u00a0\u00a0\u00a0\u00a0\u00a0\u00a0\u00a0\u00a0\u00a0\u00a0 05.April\u00a0\u00a0\u00a0\u00a0\u00a0\u00a0\u00a0 \u00dcbungsschiessen 18.00-20.00 Uhr alle Stiche<br \/>Mittwoch\u00a0\u00a0\u00a0\u00a0\u00a0\u00a0 17.April\u00a0\u00a0\u00a0\u00a0\u00a0\u00a0\u00a0 \u00dcbungsschiessen 18.00-20.00 Uhr EWS-Qualifikationsrunde SPGM 50 m alle Stiche<br \/>Freitag\u00a0\u00a0\u00a0\u00a0\u00a0\u00a0\u00a0\u00a0\u00a0\u00a0 19.April\u00a0\u00a0\u00a0\u00a0\u00a0\u00a0\u00a0 \u00dcbungsschiessen 18.00-20.00 Uhr EWS-Qualifikationsrunde SPGM 50 m alle Stiche<br \/>Freitag\u00a0\u00a0\u00a0\u00a0\u00a0\u00a0\u00a0\u00a0\u00a0\u00a0 26.April\u00a0\u00a0\u00a0\u00a0\u00a0\u00a0\u00a0 \u00dcbungsschiessen 18.00-20.00 Uhr alle Stiche<br \/>Samstag\u00a0\u00a0\u00a0\u00a0\u00a0\u00a0\u00a0 13.April\u00a0\u00a0\u00a0\u00a0\u00a0\u00a0\u00a0 Morgen Gruppenschiessen Willisau\u00a0\u00a0\u00a0\u00a0 Nachmittag Gruppenschiessen Emmen<\/p><p>Freundliche Gr\u00fcsse und bis bald<\/p><p>Daniel Trachsel<br \/>Pr\u00e4sident PSSF Sch\u00fcpfheim-Fl\u00fchli<\/p>\t\t\t\t\t\t\t\t<\/div>\n\t\t\t\t<\/div>\n\t\t\t\t\t<\/div>\n\t\t\t\t<\/div>\n\t\t\t\t<\/div>\n\t\t","protected":false},"excerpt":{"rendered":"<p>Vereinsinformationen April \u00a0\u00a0\u00a0\u00a0\u00a0\u00a0\u00a0\u00a0\u00a0\u00a0 Werte Sch\u00fctzenmitglieder\/inWerte Vereinsmitglieder Programm AprilMittwoch\u00a0\u00a0\u00a0\u00a0\u00a0\u00a0 03.April\u00a0\u00a0\u00a0\u00a0\u00a0\u00a0\u00a0 \u00dcbungsschiessen 18.00-20.00 Uhr alle SticheFreitag\u00a0\u00a0\u00a0\u00a0\u00a0\u00a0\u00a0\u00a0\u00a0\u00a0 05.April\u00a0\u00a0\u00a0\u00a0\u00a0\u00a0\u00a0 \u00dcbungsschiessen 18.00-20.00 Uhr alle SticheMittwoch\u00a0\u00a0\u00a0\u00a0\u00a0\u00a0 17.April\u00a0\u00a0\u00a0\u00a0\u00a0\u00a0\u00a0 \u00dcbungsschiessen 18.00-20.00 Uhr EWS-Qualifikationsrunde SPGM 50 m alle SticheFreitag\u00a0\u00a0\u00a0\u00a0\u00a0\u00a0\u00a0\u00a0\u00a0\u00a0 19.April\u00a0\u00a0\u00a0\u00a0\u00a0\u00a0\u00a0 \u00dcbungsschiessen 18.00-20.00 Uhr EWS-Qualifikationsrunde SPGM 50 m alle SticheFreitag\u00a0\u00a0\u00a0\u00a0\u00a0\u00a0\u00a0\u00a0\u00a0\u00a0 26.April\u00a0\u00a0\u00a0\u00a0\u00a0\u00a0\u00a0 \u00dcbungsschiessen 18.00-20.00 Uhr alle SticheSamstag\u00a0\u00a0\u00a0\u00a0\u00a0\u00a0\u00a0 13.April\u00a0\u00a0\u00a0\u00a0\u00a0\u00a0\u00a0 Morgen Gruppenschiessen Willisau\u00a0\u00a0\u00a0\u00a0 Nachmittag Gruppenschiessen Emmen Freundliche Gr\u00fcsse [&hellip;]<\/p>\n","protected":false},"author":4,"featured_media":0,"parent":0,"menu_order":0,"comment_status":"closed","ping_status":"closed","template":"","meta":{"footnotes":""},"class_list":["post-652","page","type-page","status-publish","hentry"],"_links":{"self":[{"href":"https:\/\/pssf.ch\/wordpress\/index.php?rest_route=\/wp\/v2\/pages\/652","targetHints":{"allow":["GET"]}}],"collection":[{"href":"https:\/\/pssf.ch\/wordpress\/index.php?rest_route=\/wp\/v2\/pages"}],"about":[{"href":"https:\/\/pssf.ch\/wordpress\/index.php?rest_route=\/wp\/v2\/types\/page"}],"author":[{"embeddable":true,"href":"https:\/\/pssf.ch\/wordpress\/index.php?rest_route=\/wp\/v2\/users\/4"}],"replies":[{"embeddable":true,"href":"https:\/\/pssf.ch\/wordpress\/index.php?rest_route=%2Fwp%2Fv2%2Fcomments&post=652"}],"version-history":[{"count":20,"href":"https:\/\/pssf.ch\/wordpress\/index.php?rest_route=\/wp\/v2\/pages\/652\/revisions"}],"predecessor-version":[{"id":1061,"href":"https:\/\/pssf.ch\/wordpress\/index.php?rest_route=\/wp\/v2\/pages\/652\/revisions\/1061"}],"wp:attachment":[{"href":"https:\/\/pssf.ch\/wordpress\/index.php?rest_route=%2Fwp%2Fv2%2Fmedia&parent=652"}],"curies":[{"name":"wp","href":"https:\/\/api.w.org\/{rel}","templated":true}]}}