{"id":1286,"date":"2024-12-18T10:18:19","date_gmt":"2024-12-18T10:18:19","guid":{"rendered":"https:\/\/pssf.ch\/wordpress\/?page_id=1286"},"modified":"2024-12-18T10:55:13","modified_gmt":"2024-12-18T10:55:13","slug":"elementor-1286","status":"publish","type":"page","link":"https:\/\/pssf.ch\/wordpress\/?page_id=1286","title":{"rendered":"Vorstand"},"content":{"rendered":"\t\t<div data-elementor-type=\"wp-post\" data-elementor-id=\"1286\" class=\"elementor elementor-1286\" data-elementor-post-type=\"page\">\n\t\t\t\t<div class=\"has_eae_slider elementor-element elementor-element-1456bd1 e-flex e-con-boxed e-con e-parent\" data-eae-slider=\"33562\" data-id=\"1456bd1\" data-element_type=\"container\" data-e-type=\"container\">\n\t\t\t\t\t<div class=\"e-con-inner\">\n\t\t\t\t<div class=\"elementor-element elementor-element-43426ad elementor-widget elementor-widget-text-editor\" data-id=\"43426ad\" data-element_type=\"widget\" data-e-type=\"widget\" data-widget_type=\"text-editor.default\">\n\t\t\t\t<div class=\"elementor-widget-container\">\n\t\t\t\t\t\t\t\t\t<h5>Pr\u00e4sident: Trachsel Daniel\u00a0<\/h5>\t\t\t\t\t\t\t\t<\/div>\n\t\t\t\t<\/div>\n\t\t\t\t\t<\/div>\n\t\t\t\t<\/div>\n\t\t<div class=\"has_eae_slider elementor-element elementor-element-e7a7ecc e-flex e-con-boxed e-con e-parent\" data-eae-slider=\"77603\" data-id=\"e7a7ecc\" data-element_type=\"container\" data-e-type=\"container\">\n\t\t\t\t\t<div class=\"e-con-inner\">\n\t\t<div class=\"has_eae_slider elementor-element elementor-element-477164a e-con-full e-flex e-con e-child\" data-eae-slider=\"92276\" data-id=\"477164a\" data-element_type=\"container\" data-e-type=\"container\">\n\t\t\t\t<div class=\"elementor-element elementor-element-ca3a6b5 elementor-widget elementor-widget-text-editor\" data-id=\"ca3a6b5\" data-element_type=\"widget\" data-e-type=\"widget\" data-widget_type=\"text-editor.default\">\n\t\t\t\t<div class=\"elementor-widget-container\">\n\t\t\t\t\t\t\t\t\t<h6>Vice-Pr\u00e4sident: Schumacher Martin<\/h6>\t\t\t\t\t\t\t\t<\/div>\n\t\t\t\t<\/div>\n\t\t\t\t<\/div>\n\t\t<div class=\"has_eae_slider elementor-element elementor-element-7f7289d e-con-full e-flex e-con e-child\" data-eae-slider=\"14787\" data-id=\"7f7289d\" data-element_type=\"container\" data-e-type=\"container\">\n\t\t\t\t<div class=\"elementor-element elementor-element-ee29605 elementor-widget elementor-widget-text-editor\" data-id=\"ee29605\" data-element_type=\"widget\" data-e-type=\"widget\" data-widget_type=\"text-editor.default\">\n\t\t\t\t<div class=\"elementor-widget-container\">\n\t\t\t\t\t\t\t\t\t<h6>Aktuar: Thomas Emmenegger<\/h6>\t\t\t\t\t\t\t\t<\/div>\n\t\t\t\t<\/div>\n\t\t\t\t<\/div>\n\t\t<div class=\"has_eae_slider elementor-element elementor-element-e25e96b e-con-full e-flex e-con e-child\" data-eae-slider=\"47327\" data-id=\"e25e96b\" data-element_type=\"container\" data-e-type=\"container\">\n\t\t\t\t<div class=\"elementor-element elementor-element-8124922 elementor-widget elementor-widget-text-editor\" data-id=\"8124922\" data-element_type=\"widget\" data-e-type=\"widget\" data-widget_type=\"text-editor.default\">\n\t\t\t\t<div class=\"elementor-widget-container\">\n\t\t\t\t\t\t\t\t\t<h6>Kassier &amp; Webmaster: Peter Zamudio<\/h6>\t\t\t\t\t\t\t\t<\/div>\n\t\t\t\t<\/div>\n\t\t\t\t<\/div>\n\t\t<div class=\"has_eae_slider elementor-element elementor-element-bc8417e e-con-full e-flex e-con e-child\" data-eae-slider=\"64043\" data-id=\"bc8417e\" data-element_type=\"container\" data-e-type=\"container\">\n\t\t\t\t<div class=\"elementor-element elementor-element-671186a elementor-widget elementor-widget-text-editor\" data-id=\"671186a\" data-element_type=\"widget\" data-e-type=\"widget\" data-widget_type=\"text-editor.default\">\n\t\t\t\t<div class=\"elementor-widget-container\">\n\t\t\t\t\t\t\t\t\t<h6>1. Sch\u00fctzenmeister: R\u00f6\u00f6sli Markus<\/h6>\t\t\t\t\t\t\t\t<\/div>\n\t\t\t\t<\/div>\n\t\t\t\t<\/div>\n\t\t\t\t\t<\/div>\n\t\t\t\t<\/div>\n\t\t<div class=\"has_eae_slider elementor-element elementor-element-0467628 e-flex e-con-boxed e-con e-parent\" data-eae-slider=\"15577\" data-id=\"0467628\" data-element_type=\"container\" data-e-type=\"container\">\n\t\t\t\t\t<div class=\"e-con-inner\">\n\t\t\t\t<div class=\"elementor-element elementor-element-345bf1b elementor-widget elementor-widget-text-editor\" data-id=\"345bf1b\" data-element_type=\"widget\" data-e-type=\"widget\" data-widget_type=\"text-editor.default\">\n\t\t\t\t<div class=\"elementor-widget-container\">\n\t\t\t\t\t\t\t\t\t<h6 style=\"text-align: center;\">Kontakt:\u00a0 \u00a0 \u00a0 \u00a0\u00a0 \u00a0\u00a0\u00a0 Email: info@pssf.ch\u00a0 \u00a0 \u00a0 \u00a0 \u00a0 \u00a0\u00a0\u00a0 Telefon: 041 488 19 51<\/h6>\t\t\t\t\t\t\t\t<\/div>\n\t\t\t\t<\/div>\n\t\t\t\t\t<\/div>\n\t\t\t\t<\/div>\n\t\t\t\t<\/div>\n\t\t","protected":false},"excerpt":{"rendered":"<p>Pr\u00e4sident: Trachsel Daniel\u00a0 Vice-Pr\u00e4sident: Schumacher Martin Aktuar: Thomas Emmenegger Kassier &amp; Webmaster: Peter Zamudio 1. Sch\u00fctzenmeister: R\u00f6\u00f6sli Markus Kontakt:\u00a0 \u00a0 \u00a0 \u00a0\u00a0 \u00a0\u00a0\u00a0 Email: info@pssf.ch\u00a0 \u00a0 \u00a0 \u00a0 \u00a0 \u00a0\u00a0\u00a0 Telefon: 041 488 19 51<\/p>\n","protected":false},"author":3,"featured_media":0,"parent":0,"menu_order":0,"comment_status":"closed","ping_status":"closed","template":"","meta":{"footnotes":""},"class_list":["post-1286","page","type-page","status-publish","hentry"],"_links":{"self":[{"href":"https:\/\/pssf.ch\/wordpress\/index.php?rest_route=\/wp\/v2\/pages\/1286","targetHints":{"allow":["GET"]}}],"collection":[{"href":"https:\/\/pssf.ch\/wordpress\/index.php?rest_route=\/wp\/v2\/pages"}],"about":[{"href":"https:\/\/pssf.ch\/wordpress\/index.php?rest_route=\/wp\/v2\/types\/page"}],"author":[{"embeddable":true,"href":"https:\/\/pssf.ch\/wordpress\/index.php?rest_route=\/wp\/v2\/users\/3"}],"replies":[{"embeddable":true,"href":"https:\/\/pssf.ch\/wordpress\/index.php?rest_route=%2Fwp%2Fv2%2Fcomments&post=1286"}],"version-history":[{"count":28,"href":"https:\/\/pssf.ch\/wordpress\/index.php?rest_route=\/wp\/v2\/pages\/1286\/revisions"}],"predecessor-version":[{"id":1315,"href":"https:\/\/pssf.ch\/wordpress\/index.php?rest_route=\/wp\/v2\/pages\/1286\/revisions\/1315"}],"wp:attachment":[{"href":"https:\/\/pssf.ch\/wordpress\/index.php?rest_route=%2Fwp%2Fv2%2Fmedia&parent=1286"}],"curies":[{"name":"wp","href":"https:\/\/api.w.org\/{rel}","templated":true}]}}